{"id":5634,"date":"2024-05-27T16:04:39","date_gmt":"2024-05-27T15:04:39","guid":{"rendered":"https:\/\/palopalu.com\/?post_type=product&#038;p=5634"},"modified":"2025-02-25T10:30:04","modified_gmt":"2025-02-25T09:30:04","slug":"alfombra-de-juegos-arrain","status":"publish","type":"product","link":"https:\/\/palopalu.com\/en\/product\/alfombra-de-juegos-arrain\/","title":{"rendered":"Arrain Rug"},"content":{"rendered":"<p>La Alfombra de juegos Arrain es una encantadora manta de juegos artesanal dise\u00f1ada especialmente para beb\u00e9s. Confeccionada con cuidado, presenta elementos l\u00fadicos como un cangrejo, un pulpo, algas un barco y anillas de madera, proporcionando est\u00edmulos visuales y t\u00e1ctiles para el desarrollo del beb\u00e9. Su acolchado brinda comodidad y seguridad, mientras que sus dimensiones de 100 cm x 100 cm la hacen perfecta para momentos de juego y descubrimiento.<\/p>\n<div class=\"flex flex-grow flex-col max-w-full\">\n<div class=\"min-h-[20px] text-message flex flex-col items-start gap-3 whitespace-pre-wrap break-words [.text-message+&amp;]:mt-5 overflow-x-auto\" data-message-author-role=\"assistant\" data-message-id=\"d422e477-d488-4c61-8154-99c02b2d3400\">\n<div class=\"markdown prose w-full break-words dark:prose-invert light\">\n<p>La manta de juegos artesanal, Alfombra de juegos Arrain, es una pieza \u00fanica que fusiona la calidez del trabajo manual con la magia del mar. Cada puntada cuenta una historia de cuidado y dedicaci\u00f3n, convirtiendo esta manta en mucho m\u00e1s que un simple accesorio para juegos. Confeccionada a mano, se convierte en un tesoro que acoge al beb\u00e9 en un mundo de suavidad y seguridad. Como est\u00e1 hecha mano, no hay dos iguales.<\/p>\n<p>Los elementos decorativos cuidadosamente elegidos est\u00e1n inspirados en el mar, creando un entorno encantador y lleno de est\u00edmulos para el desarrollo sensorial del peque\u00f1o. Sus suaves colores imitan la paleta natural del mar, mientras que las texturas variadas ofrecen una experiencia t\u00e1ctil enriquecedora.<\/p>\n<p>Esta manta no solo es un lugar c\u00f3modo para el beb\u00e9, sino tambi\u00e9n un portal hacia la imaginaci\u00f3n. Figuras de animales del mar y algas delicadamente cosidas invitan al juego creativo, estimulando la curiosidad y fomentando el descubrimiento temprano. Adem\u00e1s, la Alfombra de juegos Arrain es vers\u00e1til y port\u00e1til, ideal para acompa\u00f1ar al beb\u00e9 en sus primeras aventuras y descubrimientos.<\/p>\n<p>Cada manta de juegos artesanal es \u00fanica, reflejando el amor y la atenci\u00f3n puestos en su creaci\u00f3n. Un regalo excepcional que no solo abraza al beb\u00e9, sino que tambi\u00e9n acerca un pedacito de la naturaleza y <a href=\"https:\/\/palopalu.com\/producto\/doudou-jirafa-para-bebe\/\">la calidez de lo hecho a mano a su mundo en crecimiento<\/a>. Y no lo olvides, como est\u00e1n elaboradas a mano, no hay dos iguales.<\/p>\n<\/div>\n<\/div>\n<\/div>\n","protected":false},"excerpt":{"rendered":"<p>La Alfombra Arrain es una encantadora manta de juegos artesanal dise\u00f1ada especialmente para beb\u00e9s.<\/p>\n<p>Confeccionada con cuidado, presenta elementos l\u00fadicos como un cangrejo, un pulpo, algas, un barco y anillas de madera, proporcionando est\u00edmulos visuales y t\u00e1ctiles para el desarrollo del beb\u00e9.<\/p>\n<p>Su acolchado brinda comodidad y seguridad.<\/p>\n<p>Dimensiones: 100 cm x 100 cm<\/p>\n<p>Material: parte superior 100%algod\u00f3n y parte inferior poli\u00e9ster.<\/p>\n<p>&nbsp;<\/p>","protected":false},"featured_media":5635,"template":"","meta":[],"product_brand":[],"product_cat":[783,90,97,307,80,83],"product_tag":[683,679,681],"class_list":{"0":"post-5634","1":"product","2":"type-product","3":"status-publish","4":"has-post-thumbnail","6":"product_cat-alfombra","7":"product_cat-de-0-a-1-ano","8":"product_cat-de-1-a-3-anos","9":"product_cat-juegos-didacticos","10":"product_cat-juguetes","11":"product_cat-por-edad","12":"product_tag-alfombra","13":"product_tag-bebe","14":"product_tag-manta","15":"clearfix","17":"first","18":"outofstock","19":"shipping-taxable","20":"purchasable","21":"product-type-simple"},"yoast_head":"<!-- This site is optimized with the Yoast SEO plugin v27.5 - https:\/\/yoast.com\/product\/yoast-seo-wordpress\/ -->\n<title>Alfombra Arrain &#8226; Palopal\u00fa<\/title>\n<meta name=\"description\" content=\"Alfombra de juegos Arrain para tu beb\u00e9, con inspiraci\u00f3n marina. El espacio de juegos perfecto para que el peque de la casa desarrolle su motricidad\" \/>\n<meta name=\"robots\" content=\"index, follow, max-snippet:-1, max-image-preview:large, max-video-preview:-1\" \/>\n<link rel=\"canonical\" href=\"https:\/\/palopalu.com\/en\/product\/alfombra-de-juegos-arrain\/\" \/>\n<meta property=\"og:locale\" content=\"en_GB\" \/>\n<meta property=\"og:type\" content=\"article\" \/>\n<meta property=\"og:title\" content=\"Alfombra Arrain &#8226; Palopal\u00fa\" \/>\n<meta property=\"og:description\" content=\"Alfombra de juegos Arrain para tu beb\u00e9, con inspiraci\u00f3n marina. El espacio de juegos perfecto para que el peque de la casa desarrolle su motricidad\" \/>\n<meta property=\"og:url\" content=\"https:\/\/palopalu.com\/en\/product\/alfombra-de-juegos-arrain\/\" \/>\n<meta property=\"og:site_name\" content=\"Palopal\u00fa\" \/>\n<meta property=\"article:publisher\" content=\"https:\/\/www.facebook.com\/palopalupalopalu\" \/>\n<meta property=\"article:modified_time\" content=\"2025-02-25T09:30:04+00:00\" \/>\n<meta property=\"og:image\" content=\"https:\/\/palopalu.com\/wp-content\/uploads\/2024\/05\/alfombramantainfantil_arrain1.jpg\" \/>\n\t<meta property=\"og:image:width\" content=\"1200\" \/>\n\t<meta property=\"og:image:height\" content=\"1200\" \/>\n\t<meta property=\"og:image:type\" content=\"image\/jpeg\" \/>\n<meta name=\"twitter:card\" content=\"summary_large_image\" \/>\n<meta name=\"twitter:label1\" content=\"Estimated reading time\" \/>\n\t<meta name=\"twitter:data1\" content=\"2 minutes\" \/>\n<script type=\"application\/ld+json\" class=\"yoast-schema-graph\">{\"@context\":\"https:\\\/\\\/schema.org\",\"@graph\":[{\"@type\":\"WebPage\",\"@id\":\"https:\\\/\\\/palopalu.com\\\/producto\\\/alfombra-de-juegos-arrain\\\/\",\"url\":\"https:\\\/\\\/palopalu.com\\\/producto\\\/alfombra-de-juegos-arrain\\\/\",\"name\":\"Alfombra Arrain &#8226; Palopal\u00fa\",\"isPartOf\":{\"@id\":\"https:\\\/\\\/palopalu.com\\\/#website\"},\"primaryImageOfPage\":{\"@id\":\"https:\\\/\\\/palopalu.com\\\/producto\\\/alfombra-de-juegos-arrain\\\/#primaryimage\"},\"image\":{\"@id\":\"https:\\\/\\\/palopalu.com\\\/producto\\\/alfombra-de-juegos-arrain\\\/#primaryimage\"},\"thumbnailUrl\":\"https:\\\/\\\/palopalu.com\\\/wp-content\\\/uploads\\\/2024\\\/05\\\/alfombramantainfantil_arrain1.jpg\",\"datePublished\":\"2024-05-27T15:04:39+00:00\",\"dateModified\":\"2025-02-25T09:30:04+00:00\",\"description\":\"Alfombra de juegos Arrain para tu beb\u00e9, con inspiraci\u00f3n marina. El espacio de juegos perfecto para que el peque de la casa desarrolle su motricidad\",\"breadcrumb\":{\"@id\":\"https:\\\/\\\/palopalu.com\\\/producto\\\/alfombra-de-juegos-arrain\\\/#breadcrumb\"},\"inLanguage\":\"en-GB\",\"potentialAction\":[{\"@type\":\"ReadAction\",\"target\":[\"https:\\\/\\\/palopalu.com\\\/producto\\\/alfombra-de-juegos-arrain\\\/\"]}]},{\"@type\":\"ImageObject\",\"inLanguage\":\"en-GB\",\"@id\":\"https:\\\/\\\/palopalu.com\\\/producto\\\/alfombra-de-juegos-arrain\\\/#primaryimage\",\"url\":\"https:\\\/\\\/palopalu.com\\\/wp-content\\\/uploads\\\/2024\\\/05\\\/alfombramantainfantil_arrain1.jpg\",\"contentUrl\":\"https:\\\/\\\/palopalu.com\\\/wp-content\\\/uploads\\\/2024\\\/05\\\/alfombramantainfantil_arrain1.jpg\",\"width\":1200,\"height\":1200},{\"@type\":\"BreadcrumbList\",\"@id\":\"https:\\\/\\\/palopalu.com\\\/producto\\\/alfombra-de-juegos-arrain\\\/#breadcrumb\",\"itemListElement\":[{\"@type\":\"ListItem\",\"position\":1,\"name\":\"Portada\",\"item\":\"https:\\\/\\\/palopalu.com\\\/\"},{\"@type\":\"ListItem\",\"position\":2,\"name\":\"Tienda\",\"item\":\"https:\\\/\\\/palopalu.com\\\/tienda\\\/\"},{\"@type\":\"ListItem\",\"position\":3,\"name\":\"Alfombra Arrain\"}]},{\"@type\":\"WebSite\",\"@id\":\"https:\\\/\\\/palopalu.com\\\/#website\",\"url\":\"https:\\\/\\\/palopalu.com\\\/\",\"name\":\"Palopal\u00fa\",\"description\":\"Juguetes, decoraci\u00f3n y objetos personalizados en madera\",\"publisher\":{\"@id\":\"https:\\\/\\\/palopalu.com\\\/#organization\"},\"potentialAction\":[{\"@type\":\"SearchAction\",\"target\":{\"@type\":\"EntryPoint\",\"urlTemplate\":\"https:\\\/\\\/palopalu.com\\\/?s={search_term_string}\"},\"query-input\":{\"@type\":\"PropertyValueSpecification\",\"valueRequired\":true,\"valueName\":\"search_term_string\"}}],\"inLanguage\":\"en-GB\"},{\"@type\":\"Organization\",\"@id\":\"https:\\\/\\\/palopalu.com\\\/#organization\",\"name\":\"Palopal\u00fa\",\"url\":\"https:\\\/\\\/palopalu.com\\\/\",\"logo\":{\"@type\":\"ImageObject\",\"inLanguage\":\"en-GB\",\"@id\":\"https:\\\/\\\/palopalu.com\\\/#\\\/schema\\\/logo\\\/image\\\/\",\"url\":\"https:\\\/\\\/palopalu.com\\\/wp-content\\\/uploads\\\/2019\\\/02\\\/logo-palopalu.png\",\"contentUrl\":\"https:\\\/\\\/palopalu.com\\\/wp-content\\\/uploads\\\/2019\\\/02\\\/logo-palopalu.png\",\"width\":125,\"height\":30,\"caption\":\"Palopal\u00fa\"},\"image\":{\"@id\":\"https:\\\/\\\/palopalu.com\\\/#\\\/schema\\\/logo\\\/image\\\/\"},\"sameAs\":[\"https:\\\/\\\/www.facebook.com\\\/palopalupalopalu\",\"https:\\\/\\\/www.instagram.com\\\/palopalu\"]}]}<\/script>\n<!-- \/ Yoast SEO plugin. -->","yoast_head_json":{"title":"Alfombra Arrain &#8226; Palopal\u00fa","description":"Alfombra de juegos Arrain para tu beb\u00e9, con inspiraci\u00f3n marina. El espacio de juegos perfecto para que el peque de la casa desarrolle su motricidad","robots":{"index":"index","follow":"follow","max-snippet":"max-snippet:-1","max-image-preview":"max-image-preview:large","max-video-preview":"max-video-preview:-1"},"canonical":"https:\/\/palopalu.com\/en\/product\/alfombra-de-juegos-arrain\/","og_locale":"en_GB","og_type":"article","og_title":"Alfombra Arrain &#8226; Palopal\u00fa","og_description":"Alfombra de juegos Arrain para tu beb\u00e9, con inspiraci\u00f3n marina. El espacio de juegos perfecto para que el peque de la casa desarrolle su motricidad","og_url":"https:\/\/palopalu.com\/en\/product\/alfombra-de-juegos-arrain\/","og_site_name":"Palopal\u00fa","article_publisher":"https:\/\/www.facebook.com\/palopalupalopalu","article_modified_time":"2025-02-25T09:30:04+00:00","og_image":[{"width":1200,"height":1200,"url":"https:\/\/palopalu.com\/wp-content\/uploads\/2024\/05\/alfombramantainfantil_arrain1.jpg","type":"image\/jpeg"}],"twitter_card":"summary_large_image","twitter_misc":{"Estimated reading time":"2 minutes"},"schema":{"@context":"https:\/\/schema.org","@graph":[{"@type":"WebPage","@id":"https:\/\/palopalu.com\/producto\/alfombra-de-juegos-arrain\/","url":"https:\/\/palopalu.com\/producto\/alfombra-de-juegos-arrain\/","name":"Alfombra Arrain &#8226; Palopal\u00fa","isPartOf":{"@id":"https:\/\/palopalu.com\/#website"},"primaryImageOfPage":{"@id":"https:\/\/palopalu.com\/producto\/alfombra-de-juegos-arrain\/#primaryimage"},"image":{"@id":"https:\/\/palopalu.com\/producto\/alfombra-de-juegos-arrain\/#primaryimage"},"thumbnailUrl":"https:\/\/palopalu.com\/wp-content\/uploads\/2024\/05\/alfombramantainfantil_arrain1.jpg","datePublished":"2024-05-27T15:04:39+00:00","dateModified":"2025-02-25T09:30:04+00:00","description":"Alfombra de juegos Arrain para tu beb\u00e9, con inspiraci\u00f3n marina. El espacio de juegos perfecto para que el peque de la casa desarrolle su motricidad","breadcrumb":{"@id":"https:\/\/palopalu.com\/producto\/alfombra-de-juegos-arrain\/#breadcrumb"},"inLanguage":"en-GB","potentialAction":[{"@type":"ReadAction","target":["https:\/\/palopalu.com\/producto\/alfombra-de-juegos-arrain\/"]}]},{"@type":"ImageObject","inLanguage":"en-GB","@id":"https:\/\/palopalu.com\/producto\/alfombra-de-juegos-arrain\/#primaryimage","url":"https:\/\/palopalu.com\/wp-content\/uploads\/2024\/05\/alfombramantainfantil_arrain1.jpg","contentUrl":"https:\/\/palopalu.com\/wp-content\/uploads\/2024\/05\/alfombramantainfantil_arrain1.jpg","width":1200,"height":1200},{"@type":"BreadcrumbList","@id":"https:\/\/palopalu.com\/producto\/alfombra-de-juegos-arrain\/#breadcrumb","itemListElement":[{"@type":"ListItem","position":1,"name":"Portada","item":"https:\/\/palopalu.com\/"},{"@type":"ListItem","position":2,"name":"Tienda","item":"https:\/\/palopalu.com\/tienda\/"},{"@type":"ListItem","position":3,"name":"Alfombra Arrain"}]},{"@type":"WebSite","@id":"https:\/\/palopalu.com\/#website","url":"https:\/\/palopalu.com\/","name":"Palopal\u00fa","description":"Juguetes, decoraci\u00f3n y objetos personalizados en madera","publisher":{"@id":"https:\/\/palopalu.com\/#organization"},"potentialAction":[{"@type":"SearchAction","target":{"@type":"EntryPoint","urlTemplate":"https:\/\/palopalu.com\/?s={search_term_string}"},"query-input":{"@type":"PropertyValueSpecification","valueRequired":true,"valueName":"search_term_string"}}],"inLanguage":"en-GB"},{"@type":"Organization","@id":"https:\/\/palopalu.com\/#organization","name":"Palopal\u00fa","url":"https:\/\/palopalu.com\/","logo":{"@type":"ImageObject","inLanguage":"en-GB","@id":"https:\/\/palopalu.com\/#\/schema\/logo\/image\/","url":"https:\/\/palopalu.com\/wp-content\/uploads\/2019\/02\/logo-palopalu.png","contentUrl":"https:\/\/palopalu.com\/wp-content\/uploads\/2019\/02\/logo-palopalu.png","width":125,"height":30,"caption":"Palopal\u00fa"},"image":{"@id":"https:\/\/palopalu.com\/#\/schema\/logo\/image\/"},"sameAs":["https:\/\/www.facebook.com\/palopalupalopalu","https:\/\/www.instagram.com\/palopalu"]}]}},"_links":{"self":[{"href":"https:\/\/palopalu.com\/en\/wp-json\/wp\/v2\/product\/5634","targetHints":{"allow":["GET"]}}],"collection":[{"href":"https:\/\/palopalu.com\/en\/wp-json\/wp\/v2\/product"}],"about":[{"href":"https:\/\/palopalu.com\/en\/wp-json\/wp\/v2\/types\/product"}],"wp:featuredmedia":[{"embeddable":true,"href":"https:\/\/palopalu.com\/en\/wp-json\/wp\/v2\/media\/5635"}],"wp:attachment":[{"href":"https:\/\/palopalu.com\/en\/wp-json\/wp\/v2\/media?parent=5634"}],"wp:term":[{"taxonomy":"product_brand","embeddable":true,"href":"https:\/\/palopalu.com\/en\/wp-json\/wp\/v2\/product_brand?post=5634"},{"taxonomy":"product_cat","embeddable":true,"href":"https:\/\/palopalu.com\/en\/wp-json\/wp\/v2\/product_cat?post=5634"},{"taxonomy":"product_tag","embeddable":true,"href":"https:\/\/palopalu.com\/en\/wp-json\/wp\/v2\/product_tag?post=5634"}],"curies":[{"name":"wp","href":"https:\/\/api.w.org\/{rel}","templated":true}]}}