{"id":5774,"date":"2024-09-18T18:16:58","date_gmt":"2024-09-18T17:16:58","guid":{"rendered":"https:\/\/palopalu.com\/?post_type=product&#038;p=5774"},"modified":"2026-01-20T17:13:51","modified_gmt":"2026-01-20T16:13:51","slug":"kit-de-telar-para-principiantes","status":"publish","type":"product","link":"https:\/\/palopalu.com\/en\/product\/kit-de-telar-para-principiantes\/","title":{"rendered":"Beginner's Loom Kit"},"content":{"rendered":"<p>Este Kit de Telar para principiantes es perfecto para quienes desean adentrarse en el arte textil de manera sencilla y divertida. Pensado especialmente para principiantes, el kit contiene todas las herramientas y materiales que necesitas para empezar a crear tus propios proyectos desde el primer d\u00eda. Adem\u00e1s, incluye un detallado folleto de instrucciones ilustrado, que te guiar\u00e1 paso a paso a trav\u00e9s del proceso.<\/p>\n<p>El Kit de Telar para principiantes te permite realizar una amplia variedad de proyectos, desde peque\u00f1os tapices decorativos de pared hasta posavasos, marcap\u00e1ginas y parches. Con su enfoque pr\u00e1ctico y accesible, este set es perfecto tanto para quienes se inician en el arte textil como para quienes buscan una actividad creativa para las tardes o fines de semana.<\/p>\n<p>Es un telar de marco port\u00e1til de tama\u00f1o compacto, perfecto para llevarlo contigo o para trabajar en espacios peque\u00f1os, ideal para proyectos decorativos y funcionales.<\/p>\n<p>Contenido del kit:<\/p>\n<ul>\n<li>1 telar de marco ( 24,5 x 24,5 cm)<\/li>\n<li>2 peines de distintos grosores para apretar de forma uniforme el hilo<\/li>\n<li>1 palo para separar la urdimbre<\/li>\n<li>1 lanzadera, herramienta que sostiene un mont\u00f3n de hilo mientras tejes<\/li>\n<li>2 agujas<\/li>\n<li>1 folleto de instrucciones ilustrado<\/li>\n<li>15 ovillos de hilos de diferentes colores y texturas<\/li>\n<li>1 ovillo de hilo para la urdimbre<\/li>\n<\/ul>\n<p>Con este Kit de Telar para principiantes, te sumergir\u00e1s en el fascinante mundo del telar mientras desarrollas tus habilidades creativas y disfrutas de una experiencia artesanal \u00fanica.<\/p>\n<p>Este Kit de Telar para principiantes forma parte de nuestros kits para adultos, como la <a href=\"https:\/\/palopalu.com\/en\/product\/prensa-de-flores-de-madera-artesanal\/\">Prensa para Flores<\/a>, \u00e9chale un vistazo!<\/p>","protected":false},"excerpt":{"rendered":"<p>Este kit de iniciaci\u00f3n en el telar es perfecto para quienes desean adentrarse en el arte textil.<\/p>\n<p>Contiene todas las herramientas y materiales esenciales para comenzar, as\u00ed como un detallado folleto de instrucciones ilustrado que te guiar\u00e1 en cada paso del proceso. Es ideal para crear una variedad de proyectos como posavasos, marcap\u00e1ginas, parches y tapices decorativos de pared.<\/p>\n<p>Con este set, podr\u00e1s explorar tu creatividad y desarrollar nuevas habilidades mientras te sumerges en el fascinante mundo del telar.<\/p>\n<p>Contenido del kit:<\/p>\n<ul>\n<li>1 telar de marco ( 24,5 x 24,5 cm)<\/li>\n<li>2 peines de distintos grosores para apretar de forma uniforme el hilo<\/li>\n<li>1 palo para separar la urdimbre<\/li>\n<li>1 lanzadera, herramienta que sostiene un mont\u00f3n de hilo mientras tejes<\/li>\n<li>2 agujas<\/li>\n<li>1 folleto de instrucciones ilustrado<\/li>\n<li>15 ovillos de hilos de diferentes colores y texturas<\/li>\n<li>1 ovillo de hilo para la urdimbre<\/li>\n<\/ul>","protected":false},"featured_media":5805,"template":"","meta":[],"product_brand":[],"product_cat":[309,78],"product_tag":[],"class_list":{"0":"post-5774","1":"product","2":"type-product","3":"status-publish","4":"has-post-thumbnail","6":"product_cat-crafts","7":"product_cat-decoracion","8":"clearfix","10":"first","11":"instock","12":"shipping-taxable","13":"purchasable","14":"product-type-simple"},"yoast_head":"<!-- This site is optimized with the Yoast SEO plugin v27.5 - https:\/\/yoast.com\/product\/yoast-seo-wordpress\/ -->\n<title>Kit de Telar para principiantes &#8226; Palopal\u00fa<\/title>\n<meta name=\"description\" content=\"Kit de Telar para principiantes, bienvenida al mundo de las telas, las tramas y los dise\u00f1os creativos\" \/>\n<meta name=\"robots\" content=\"index, follow, max-snippet:-1, max-image-preview:large, max-video-preview:-1\" \/>\n<link rel=\"canonical\" href=\"https:\/\/palopalu.com\/en\/product\/kit-de-telar-para-principiantes\/\" \/>\n<meta property=\"og:locale\" content=\"en_GB\" \/>\n<meta property=\"og:type\" content=\"article\" \/>\n<meta property=\"og:title\" content=\"Kit de Telar para principiantes &#8226; Palopal\u00fa\" \/>\n<meta property=\"og:description\" content=\"Kit de Telar para principiantes, bienvenida al mundo de las telas, las tramas y los dise\u00f1os creativos\" \/>\n<meta property=\"og:url\" content=\"https:\/\/palopalu.com\/en\/product\/kit-de-telar-para-principiantes\/\" \/>\n<meta property=\"og:site_name\" content=\"Palopal\u00fa\" \/>\n<meta property=\"article:publisher\" content=\"https:\/\/www.facebook.com\/palopalupalopalu\" \/>\n<meta property=\"article:modified_time\" content=\"2026-01-20T16:13:51+00:00\" \/>\n<meta property=\"og:image\" content=\"https:\/\/palopalu.com\/wp-content\/uploads\/2024\/09\/telarpalopalu9.jpg\" \/>\n\t<meta property=\"og:image:width\" content=\"900\" \/>\n\t<meta property=\"og:image:height\" content=\"1200\" \/>\n\t<meta property=\"og:image:type\" content=\"image\/jpeg\" \/>\n<meta name=\"twitter:card\" content=\"summary_large_image\" \/>\n<meta name=\"twitter:label1\" content=\"Estimated reading time\" \/>\n\t<meta name=\"twitter:data1\" content=\"2 minutes\" \/>\n<script type=\"application\/ld+json\" class=\"yoast-schema-graph\">{\"@context\":\"https:\\\/\\\/schema.org\",\"@graph\":[{\"@type\":\"WebPage\",\"@id\":\"https:\\\/\\\/palopalu.com\\\/producto\\\/kit-de-telar-para-principiantes\\\/\",\"url\":\"https:\\\/\\\/palopalu.com\\\/producto\\\/kit-de-telar-para-principiantes\\\/\",\"name\":\"Kit de Telar para principiantes &#8226; Palopal\u00fa\",\"isPartOf\":{\"@id\":\"https:\\\/\\\/palopalu.com\\\/#website\"},\"primaryImageOfPage\":{\"@id\":\"https:\\\/\\\/palopalu.com\\\/producto\\\/kit-de-telar-para-principiantes\\\/#primaryimage\"},\"image\":{\"@id\":\"https:\\\/\\\/palopalu.com\\\/producto\\\/kit-de-telar-para-principiantes\\\/#primaryimage\"},\"thumbnailUrl\":\"https:\\\/\\\/palopalu.com\\\/wp-content\\\/uploads\\\/2024\\\/09\\\/telarpalopalu9.jpg\",\"datePublished\":\"2024-09-18T17:16:58+00:00\",\"dateModified\":\"2026-01-20T16:13:51+00:00\",\"description\":\"Kit de Telar para principiantes, bienvenida al mundo de las telas, las tramas y los dise\u00f1os creativos\",\"breadcrumb\":{\"@id\":\"https:\\\/\\\/palopalu.com\\\/producto\\\/kit-de-telar-para-principiantes\\\/#breadcrumb\"},\"inLanguage\":\"en-GB\",\"potentialAction\":[{\"@type\":\"ReadAction\",\"target\":[\"https:\\\/\\\/palopalu.com\\\/producto\\\/kit-de-telar-para-principiantes\\\/\"]}]},{\"@type\":\"ImageObject\",\"inLanguage\":\"en-GB\",\"@id\":\"https:\\\/\\\/palopalu.com\\\/producto\\\/kit-de-telar-para-principiantes\\\/#primaryimage\",\"url\":\"https:\\\/\\\/palopalu.com\\\/wp-content\\\/uploads\\\/2024\\\/09\\\/telarpalopalu9.jpg\",\"contentUrl\":\"https:\\\/\\\/palopalu.com\\\/wp-content\\\/uploads\\\/2024\\\/09\\\/telarpalopalu9.jpg\",\"width\":900,\"height\":1200},{\"@type\":\"BreadcrumbList\",\"@id\":\"https:\\\/\\\/palopalu.com\\\/producto\\\/kit-de-telar-para-principiantes\\\/#breadcrumb\",\"itemListElement\":[{\"@type\":\"ListItem\",\"position\":1,\"name\":\"Portada\",\"item\":\"https:\\\/\\\/palopalu.com\\\/\"},{\"@type\":\"ListItem\",\"position\":2,\"name\":\"Tienda\",\"item\":\"https:\\\/\\\/palopalu.com\\\/tienda\\\/\"},{\"@type\":\"ListItem\",\"position\":3,\"name\":\"Kit de Telar para principiantes\"}]},{\"@type\":\"WebSite\",\"@id\":\"https:\\\/\\\/palopalu.com\\\/#website\",\"url\":\"https:\\\/\\\/palopalu.com\\\/\",\"name\":\"Palopal\u00fa\",\"description\":\"Juguetes, decoraci\u00f3n y objetos personalizados en madera\",\"publisher\":{\"@id\":\"https:\\\/\\\/palopalu.com\\\/#organization\"},\"potentialAction\":[{\"@type\":\"SearchAction\",\"target\":{\"@type\":\"EntryPoint\",\"urlTemplate\":\"https:\\\/\\\/palopalu.com\\\/?s={search_term_string}\"},\"query-input\":{\"@type\":\"PropertyValueSpecification\",\"valueRequired\":true,\"valueName\":\"search_term_string\"}}],\"inLanguage\":\"en-GB\"},{\"@type\":\"Organization\",\"@id\":\"https:\\\/\\\/palopalu.com\\\/#organization\",\"name\":\"Palopal\u00fa\",\"url\":\"https:\\\/\\\/palopalu.com\\\/\",\"logo\":{\"@type\":\"ImageObject\",\"inLanguage\":\"en-GB\",\"@id\":\"https:\\\/\\\/palopalu.com\\\/#\\\/schema\\\/logo\\\/image\\\/\",\"url\":\"https:\\\/\\\/palopalu.com\\\/wp-content\\\/uploads\\\/2019\\\/02\\\/logo-palopalu.png\",\"contentUrl\":\"https:\\\/\\\/palopalu.com\\\/wp-content\\\/uploads\\\/2019\\\/02\\\/logo-palopalu.png\",\"width\":125,\"height\":30,\"caption\":\"Palopal\u00fa\"},\"image\":{\"@id\":\"https:\\\/\\\/palopalu.com\\\/#\\\/schema\\\/logo\\\/image\\\/\"},\"sameAs\":[\"https:\\\/\\\/www.facebook.com\\\/palopalupalopalu\",\"https:\\\/\\\/www.instagram.com\\\/palopalu\"]}]}<\/script>\n<!-- \/ Yoast SEO plugin. -->","yoast_head_json":{"title":"Kit de Telar para principiantes &#8226; Palopal\u00fa","description":"Kit de Telar para principiantes, bienvenida al mundo de las telas, las tramas y los dise\u00f1os creativos","robots":{"index":"index","follow":"follow","max-snippet":"max-snippet:-1","max-image-preview":"max-image-preview:large","max-video-preview":"max-video-preview:-1"},"canonical":"https:\/\/palopalu.com\/en\/product\/kit-de-telar-para-principiantes\/","og_locale":"en_GB","og_type":"article","og_title":"Kit de Telar para principiantes &#8226; Palopal\u00fa","og_description":"Kit de Telar para principiantes, bienvenida al mundo de las telas, las tramas y los dise\u00f1os creativos","og_url":"https:\/\/palopalu.com\/en\/product\/kit-de-telar-para-principiantes\/","og_site_name":"Palopal\u00fa","article_publisher":"https:\/\/www.facebook.com\/palopalupalopalu","article_modified_time":"2026-01-20T16:13:51+00:00","og_image":[{"width":900,"height":1200,"url":"https:\/\/palopalu.com\/wp-content\/uploads\/2024\/09\/telarpalopalu9.jpg","type":"image\/jpeg"}],"twitter_card":"summary_large_image","twitter_misc":{"Estimated reading time":"2 minutes"},"schema":{"@context":"https:\/\/schema.org","@graph":[{"@type":"WebPage","@id":"https:\/\/palopalu.com\/producto\/kit-de-telar-para-principiantes\/","url":"https:\/\/palopalu.com\/producto\/kit-de-telar-para-principiantes\/","name":"Kit de Telar para principiantes &#8226; Palopal\u00fa","isPartOf":{"@id":"https:\/\/palopalu.com\/#website"},"primaryImageOfPage":{"@id":"https:\/\/palopalu.com\/producto\/kit-de-telar-para-principiantes\/#primaryimage"},"image":{"@id":"https:\/\/palopalu.com\/producto\/kit-de-telar-para-principiantes\/#primaryimage"},"thumbnailUrl":"https:\/\/palopalu.com\/wp-content\/uploads\/2024\/09\/telarpalopalu9.jpg","datePublished":"2024-09-18T17:16:58+00:00","dateModified":"2026-01-20T16:13:51+00:00","description":"Kit de Telar para principiantes, bienvenida al mundo de las telas, las tramas y los dise\u00f1os creativos","breadcrumb":{"@id":"https:\/\/palopalu.com\/producto\/kit-de-telar-para-principiantes\/#breadcrumb"},"inLanguage":"en-GB","potentialAction":[{"@type":"ReadAction","target":["https:\/\/palopalu.com\/producto\/kit-de-telar-para-principiantes\/"]}]},{"@type":"ImageObject","inLanguage":"en-GB","@id":"https:\/\/palopalu.com\/producto\/kit-de-telar-para-principiantes\/#primaryimage","url":"https:\/\/palopalu.com\/wp-content\/uploads\/2024\/09\/telarpalopalu9.jpg","contentUrl":"https:\/\/palopalu.com\/wp-content\/uploads\/2024\/09\/telarpalopalu9.jpg","width":900,"height":1200},{"@type":"BreadcrumbList","@id":"https:\/\/palopalu.com\/producto\/kit-de-telar-para-principiantes\/#breadcrumb","itemListElement":[{"@type":"ListItem","position":1,"name":"Portada","item":"https:\/\/palopalu.com\/"},{"@type":"ListItem","position":2,"name":"Tienda","item":"https:\/\/palopalu.com\/tienda\/"},{"@type":"ListItem","position":3,"name":"Kit de Telar para principiantes"}]},{"@type":"WebSite","@id":"https:\/\/palopalu.com\/#website","url":"https:\/\/palopalu.com\/","name":"Palopal\u00fa","description":"Juguetes, decoraci\u00f3n y objetos personalizados en madera","publisher":{"@id":"https:\/\/palopalu.com\/#organization"},"potentialAction":[{"@type":"SearchAction","target":{"@type":"EntryPoint","urlTemplate":"https:\/\/palopalu.com\/?s={search_term_string}"},"query-input":{"@type":"PropertyValueSpecification","valueRequired":true,"valueName":"search_term_string"}}],"inLanguage":"en-GB"},{"@type":"Organization","@id":"https:\/\/palopalu.com\/#organization","name":"Palopal\u00fa","url":"https:\/\/palopalu.com\/","logo":{"@type":"ImageObject","inLanguage":"en-GB","@id":"https:\/\/palopalu.com\/#\/schema\/logo\/image\/","url":"https:\/\/palopalu.com\/wp-content\/uploads\/2019\/02\/logo-palopalu.png","contentUrl":"https:\/\/palopalu.com\/wp-content\/uploads\/2019\/02\/logo-palopalu.png","width":125,"height":30,"caption":"Palopal\u00fa"},"image":{"@id":"https:\/\/palopalu.com\/#\/schema\/logo\/image\/"},"sameAs":["https:\/\/www.facebook.com\/palopalupalopalu","https:\/\/www.instagram.com\/palopalu"]}]}},"_links":{"self":[{"href":"https:\/\/palopalu.com\/en\/wp-json\/wp\/v2\/product\/5774","targetHints":{"allow":["GET"]}}],"collection":[{"href":"https:\/\/palopalu.com\/en\/wp-json\/wp\/v2\/product"}],"about":[{"href":"https:\/\/palopalu.com\/en\/wp-json\/wp\/v2\/types\/product"}],"wp:featuredmedia":[{"embeddable":true,"href":"https:\/\/palopalu.com\/en\/wp-json\/wp\/v2\/media\/5805"}],"wp:attachment":[{"href":"https:\/\/palopalu.com\/en\/wp-json\/wp\/v2\/media?parent=5774"}],"wp:term":[{"taxonomy":"product_brand","embeddable":true,"href":"https:\/\/palopalu.com\/en\/wp-json\/wp\/v2\/product_brand?post=5774"},{"taxonomy":"product_cat","embeddable":true,"href":"https:\/\/palopalu.com\/en\/wp-json\/wp\/v2\/product_cat?post=5774"},{"taxonomy":"product_tag","embeddable":true,"href":"https:\/\/palopalu.com\/en\/wp-json\/wp\/v2\/product_tag?post=5774"}],"curies":[{"name":"wp","href":"https:\/\/api.w.org\/{rel}","templated":true}]}}