{"id":5874,"date":"2025-03-11T13:06:11","date_gmt":"2025-03-11T12:06:11","guid":{"rendered":"https:\/\/palopalu.com\/?post_type=product&#038;p=5874"},"modified":"2026-01-20T17:13:36","modified_gmt":"2026-01-20T16:13:36","slug":"set-de-3-pajaros-de-madera-decoracion-de-pared","status":"publish","type":"product","link":"https:\/\/palopalu.com\/en\/product\/set-de-3-pajaros-de-madera-decoracion-de-pared\/","title":{"rendered":"Decorative Bird Set"},"content":{"rendered":"<p><strong>Set de 3 P\u00e1jaros Decorativos de Madera \u2013 Decoraci\u00f3n de Pared<\/strong><\/p>\n<p>Dale un toque de color y alegr\u00eda a tu hogar con este encantador Set de P\u00e1jaros Decorativos de madera. Perfectos para decorar cualquier espacio, desde la sala de estar hasta una habitaci\u00f3n infantil, estos p\u00e1jaros en tonos tierra aportan calidez y armon\u00eda a la decoraci\u00f3n.<\/p>\n<p>Cada set incluye tres p\u00e1jaros de diferente tama\u00f1o y forma, creando un efecto din\u00e1mico y natural en la pared.<\/p>\n<p><strong>Medidas:<\/strong><br \/>\n* 10,5 cm x 8 cm<br \/>\n* 12 cm x 12 cm<br \/>\n* 15 cm x 12 cm<\/p>\n<p>Col\u00f3calos juntos o distrib\u00fayelos como prefieras y transforma cualquier rinc\u00f3n con su encanto artesanal.<\/p>\n<p>Hecha un vistazo al resto de <a href=\"https:\/\/palopalu.com\/en\/product-category\/decoracion\/\">elementos decorativos de Palopal\u00fa<\/a>.<\/p>","protected":false},"excerpt":{"rendered":"<p>Set de 3 P\u00e1jaros de Madera \u2013 Decoraci\u00f3n de Pared<\/p>\n<p>Dale un toque de color y alegr\u00eda a tu hogar con este encantador set de 3 p\u00e1jaros de madera. Perfectos para decorar cualquier espacio, desde la sala de estar hasta una habitaci\u00f3n infantil, estos p\u00e1jaros en tonos tierra aportan calidez y armon\u00eda a la decoraci\u00f3n.<\/p>\n<p>Cada set incluye tres p\u00e1jaros de diferente tama\u00f1o y forma, creando un efecto din\u00e1mico y natural en la pared.<\/p>\n<p>Medidas:<br \/>\n* 10,5 cm x 8 cm<br \/>\n* 12 cm x 12 cm<br \/>\n* 15 cm x 12 cm<\/p>\n<p>Col\u00f3calos juntos o distrib\u00fayelos como prefieras y transforma cualquier rinc\u00f3n con su encanto artesanal.<\/p>","protected":false},"featured_media":5875,"template":"","meta":[],"product_brand":[],"product_cat":[78,101],"product_tag":[558,824],"class_list":{"0":"post-5874","1":"product","2":"type-product","3":"status-publish","4":"has-post-thumbnail","6":"product_cat-decoracion","7":"product_cat-ilustracion","8":"product_tag-decoracion-en","9":"product_tag-pared","10":"clearfix","12":"first","13":"instock","14":"shipping-taxable","15":"purchasable","16":"product-type-simple"},"yoast_head":"<!-- This site is optimized with the Yoast SEO plugin v27.5 - https:\/\/yoast.com\/product\/yoast-seo-wordpress\/ -->\n<title>Set de P\u00e1jaros Decorativos &#8226; Palopal\u00fa<\/title>\n<meta name=\"description\" content=\"Set de P\u00e1jaros Decorativos de Madera \u2013 Decoraci\u00f3n de Pared consistente en 3 p\u00e1jaros de diferentes tama\u00f1os pintados en colores tierra. Hechos a mano para ti\" \/>\n<meta name=\"robots\" content=\"index, follow, max-snippet:-1, max-image-preview:large, max-video-preview:-1\" \/>\n<link rel=\"canonical\" href=\"https:\/\/palopalu.com\/en\/product\/set-de-3-pajaros-de-madera-decoracion-de-pared\/\" \/>\n<meta property=\"og:locale\" content=\"en_GB\" \/>\n<meta property=\"og:type\" content=\"article\" \/>\n<meta property=\"og:title\" content=\"Set de P\u00e1jaros Decorativos &#8226; Palopal\u00fa\" \/>\n<meta property=\"og:description\" content=\"Set de P\u00e1jaros Decorativos de Madera \u2013 Decoraci\u00f3n de Pared consistente en 3 p\u00e1jaros de diferentes tama\u00f1os pintados en colores tierra. Hechos a mano para ti\" \/>\n<meta property=\"og:url\" content=\"https:\/\/palopalu.com\/en\/product\/set-de-3-pajaros-de-madera-decoracion-de-pared\/\" \/>\n<meta property=\"og:site_name\" content=\"Palopal\u00fa\" \/>\n<meta property=\"article:publisher\" content=\"https:\/\/www.facebook.com\/palopalupalopalu\" \/>\n<meta property=\"article:modified_time\" content=\"2026-01-20T16:13:36+00:00\" \/>\n<meta property=\"og:image\" content=\"https:\/\/palopalu.com\/wp-content\/uploads\/2025\/03\/pajaros1_palopalu.jpg\" \/>\n\t<meta property=\"og:image:width\" content=\"900\" \/>\n\t<meta property=\"og:image:height\" content=\"1200\" \/>\n\t<meta property=\"og:image:type\" content=\"image\/jpeg\" \/>\n<meta name=\"twitter:card\" content=\"summary_large_image\" \/>\n<meta name=\"twitter:label1\" content=\"Estimated reading time\" \/>\n\t<meta name=\"twitter:data1\" content=\"1 minute\" \/>\n<script type=\"application\/ld+json\" class=\"yoast-schema-graph\">{\"@context\":\"https:\\\/\\\/schema.org\",\"@graph\":[{\"@type\":\"WebPage\",\"@id\":\"https:\\\/\\\/palopalu.com\\\/producto\\\/set-de-3-pajaros-de-madera-decoracion-de-pared\\\/\",\"url\":\"https:\\\/\\\/palopalu.com\\\/producto\\\/set-de-3-pajaros-de-madera-decoracion-de-pared\\\/\",\"name\":\"Set de P\u00e1jaros Decorativos &#8226; Palopal\u00fa\",\"isPartOf\":{\"@id\":\"https:\\\/\\\/palopalu.com\\\/#website\"},\"primaryImageOfPage\":{\"@id\":\"https:\\\/\\\/palopalu.com\\\/producto\\\/set-de-3-pajaros-de-madera-decoracion-de-pared\\\/#primaryimage\"},\"image\":{\"@id\":\"https:\\\/\\\/palopalu.com\\\/producto\\\/set-de-3-pajaros-de-madera-decoracion-de-pared\\\/#primaryimage\"},\"thumbnailUrl\":\"https:\\\/\\\/palopalu.com\\\/wp-content\\\/uploads\\\/2025\\\/03\\\/pajaros1_palopalu.jpg\",\"datePublished\":\"2025-03-11T12:06:11+00:00\",\"dateModified\":\"2026-01-20T16:13:36+00:00\",\"description\":\"Set de P\u00e1jaros Decorativos de Madera \u2013 Decoraci\u00f3n de Pared consistente en 3 p\u00e1jaros de diferentes tama\u00f1os pintados en colores tierra. Hechos a mano para ti\",\"breadcrumb\":{\"@id\":\"https:\\\/\\\/palopalu.com\\\/producto\\\/set-de-3-pajaros-de-madera-decoracion-de-pared\\\/#breadcrumb\"},\"inLanguage\":\"en-GB\",\"potentialAction\":[{\"@type\":\"ReadAction\",\"target\":[\"https:\\\/\\\/palopalu.com\\\/producto\\\/set-de-3-pajaros-de-madera-decoracion-de-pared\\\/\"]}]},{\"@type\":\"ImageObject\",\"inLanguage\":\"en-GB\",\"@id\":\"https:\\\/\\\/palopalu.com\\\/producto\\\/set-de-3-pajaros-de-madera-decoracion-de-pared\\\/#primaryimage\",\"url\":\"https:\\\/\\\/palopalu.com\\\/wp-content\\\/uploads\\\/2025\\\/03\\\/pajaros1_palopalu.jpg\",\"contentUrl\":\"https:\\\/\\\/palopalu.com\\\/wp-content\\\/uploads\\\/2025\\\/03\\\/pajaros1_palopalu.jpg\",\"width\":900,\"height\":1200,\"caption\":\"Set de 3 P\u00e1jaros de Madera \u2013 Decoraci\u00f3n de Pared\"},{\"@type\":\"BreadcrumbList\",\"@id\":\"https:\\\/\\\/palopalu.com\\\/producto\\\/set-de-3-pajaros-de-madera-decoracion-de-pared\\\/#breadcrumb\",\"itemListElement\":[{\"@type\":\"ListItem\",\"position\":1,\"name\":\"Portada\",\"item\":\"https:\\\/\\\/palopalu.com\\\/\"},{\"@type\":\"ListItem\",\"position\":2,\"name\":\"Tienda\",\"item\":\"https:\\\/\\\/palopalu.com\\\/tienda\\\/\"},{\"@type\":\"ListItem\",\"position\":3,\"name\":\"Set de P\u00e1jaros Decorativos\"}]},{\"@type\":\"WebSite\",\"@id\":\"https:\\\/\\\/palopalu.com\\\/#website\",\"url\":\"https:\\\/\\\/palopalu.com\\\/\",\"name\":\"Palopal\u00fa\",\"description\":\"Juguetes, decoraci\u00f3n y objetos personalizados en madera\",\"publisher\":{\"@id\":\"https:\\\/\\\/palopalu.com\\\/#organization\"},\"potentialAction\":[{\"@type\":\"SearchAction\",\"target\":{\"@type\":\"EntryPoint\",\"urlTemplate\":\"https:\\\/\\\/palopalu.com\\\/?s={search_term_string}\"},\"query-input\":{\"@type\":\"PropertyValueSpecification\",\"valueRequired\":true,\"valueName\":\"search_term_string\"}}],\"inLanguage\":\"en-GB\"},{\"@type\":\"Organization\",\"@id\":\"https:\\\/\\\/palopalu.com\\\/#organization\",\"name\":\"Palopal\u00fa\",\"url\":\"https:\\\/\\\/palopalu.com\\\/\",\"logo\":{\"@type\":\"ImageObject\",\"inLanguage\":\"en-GB\",\"@id\":\"https:\\\/\\\/palopalu.com\\\/#\\\/schema\\\/logo\\\/image\\\/\",\"url\":\"https:\\\/\\\/palopalu.com\\\/wp-content\\\/uploads\\\/2019\\\/02\\\/logo-palopalu.png\",\"contentUrl\":\"https:\\\/\\\/palopalu.com\\\/wp-content\\\/uploads\\\/2019\\\/02\\\/logo-palopalu.png\",\"width\":125,\"height\":30,\"caption\":\"Palopal\u00fa\"},\"image\":{\"@id\":\"https:\\\/\\\/palopalu.com\\\/#\\\/schema\\\/logo\\\/image\\\/\"},\"sameAs\":[\"https:\\\/\\\/www.facebook.com\\\/palopalupalopalu\",\"https:\\\/\\\/www.instagram.com\\\/palopalu\"]}]}<\/script>\n<!-- \/ Yoast SEO plugin. -->","yoast_head_json":{"title":"Set de P\u00e1jaros Decorativos &#8226; Palopal\u00fa","description":"Set de P\u00e1jaros Decorativos de Madera \u2013 Decoraci\u00f3n de Pared consistente en 3 p\u00e1jaros de diferentes tama\u00f1os pintados en colores tierra. Hechos a mano para ti","robots":{"index":"index","follow":"follow","max-snippet":"max-snippet:-1","max-image-preview":"max-image-preview:large","max-video-preview":"max-video-preview:-1"},"canonical":"https:\/\/palopalu.com\/en\/product\/set-de-3-pajaros-de-madera-decoracion-de-pared\/","og_locale":"en_GB","og_type":"article","og_title":"Set de P\u00e1jaros Decorativos &#8226; Palopal\u00fa","og_description":"Set de P\u00e1jaros Decorativos de Madera \u2013 Decoraci\u00f3n de Pared consistente en 3 p\u00e1jaros de diferentes tama\u00f1os pintados en colores tierra. Hechos a mano para ti","og_url":"https:\/\/palopalu.com\/en\/product\/set-de-3-pajaros-de-madera-decoracion-de-pared\/","og_site_name":"Palopal\u00fa","article_publisher":"https:\/\/www.facebook.com\/palopalupalopalu","article_modified_time":"2026-01-20T16:13:36+00:00","og_image":[{"width":900,"height":1200,"url":"https:\/\/palopalu.com\/wp-content\/uploads\/2025\/03\/pajaros1_palopalu.jpg","type":"image\/jpeg"}],"twitter_card":"summary_large_image","twitter_misc":{"Estimated reading time":"1 minute"},"schema":{"@context":"https:\/\/schema.org","@graph":[{"@type":"WebPage","@id":"https:\/\/palopalu.com\/producto\/set-de-3-pajaros-de-madera-decoracion-de-pared\/","url":"https:\/\/palopalu.com\/producto\/set-de-3-pajaros-de-madera-decoracion-de-pared\/","name":"Set de P\u00e1jaros Decorativos &#8226; Palopal\u00fa","isPartOf":{"@id":"https:\/\/palopalu.com\/#website"},"primaryImageOfPage":{"@id":"https:\/\/palopalu.com\/producto\/set-de-3-pajaros-de-madera-decoracion-de-pared\/#primaryimage"},"image":{"@id":"https:\/\/palopalu.com\/producto\/set-de-3-pajaros-de-madera-decoracion-de-pared\/#primaryimage"},"thumbnailUrl":"https:\/\/palopalu.com\/wp-content\/uploads\/2025\/03\/pajaros1_palopalu.jpg","datePublished":"2025-03-11T12:06:11+00:00","dateModified":"2026-01-20T16:13:36+00:00","description":"Set de P\u00e1jaros Decorativos de Madera \u2013 Decoraci\u00f3n de Pared consistente en 3 p\u00e1jaros de diferentes tama\u00f1os pintados en colores tierra. Hechos a mano para ti","breadcrumb":{"@id":"https:\/\/palopalu.com\/producto\/set-de-3-pajaros-de-madera-decoracion-de-pared\/#breadcrumb"},"inLanguage":"en-GB","potentialAction":[{"@type":"ReadAction","target":["https:\/\/palopalu.com\/producto\/set-de-3-pajaros-de-madera-decoracion-de-pared\/"]}]},{"@type":"ImageObject","inLanguage":"en-GB","@id":"https:\/\/palopalu.com\/producto\/set-de-3-pajaros-de-madera-decoracion-de-pared\/#primaryimage","url":"https:\/\/palopalu.com\/wp-content\/uploads\/2025\/03\/pajaros1_palopalu.jpg","contentUrl":"https:\/\/palopalu.com\/wp-content\/uploads\/2025\/03\/pajaros1_palopalu.jpg","width":900,"height":1200,"caption":"Set de 3 P\u00e1jaros de Madera \u2013 Decoraci\u00f3n de Pared"},{"@type":"BreadcrumbList","@id":"https:\/\/palopalu.com\/producto\/set-de-3-pajaros-de-madera-decoracion-de-pared\/#breadcrumb","itemListElement":[{"@type":"ListItem","position":1,"name":"Portada","item":"https:\/\/palopalu.com\/"},{"@type":"ListItem","position":2,"name":"Tienda","item":"https:\/\/palopalu.com\/tienda\/"},{"@type":"ListItem","position":3,"name":"Set de P\u00e1jaros Decorativos"}]},{"@type":"WebSite","@id":"https:\/\/palopalu.com\/#website","url":"https:\/\/palopalu.com\/","name":"Palopal\u00fa","description":"Juguetes, decoraci\u00f3n y objetos personalizados en madera","publisher":{"@id":"https:\/\/palopalu.com\/#organization"},"potentialAction":[{"@type":"SearchAction","target":{"@type":"EntryPoint","urlTemplate":"https:\/\/palopalu.com\/?s={search_term_string}"},"query-input":{"@type":"PropertyValueSpecification","valueRequired":true,"valueName":"search_term_string"}}],"inLanguage":"en-GB"},{"@type":"Organization","@id":"https:\/\/palopalu.com\/#organization","name":"Palopal\u00fa","url":"https:\/\/palopalu.com\/","logo":{"@type":"ImageObject","inLanguage":"en-GB","@id":"https:\/\/palopalu.com\/#\/schema\/logo\/image\/","url":"https:\/\/palopalu.com\/wp-content\/uploads\/2019\/02\/logo-palopalu.png","contentUrl":"https:\/\/palopalu.com\/wp-content\/uploads\/2019\/02\/logo-palopalu.png","width":125,"height":30,"caption":"Palopal\u00fa"},"image":{"@id":"https:\/\/palopalu.com\/#\/schema\/logo\/image\/"},"sameAs":["https:\/\/www.facebook.com\/palopalupalopalu","https:\/\/www.instagram.com\/palopalu"]}]}},"_links":{"self":[{"href":"https:\/\/palopalu.com\/en\/wp-json\/wp\/v2\/product\/5874","targetHints":{"allow":["GET"]}}],"collection":[{"href":"https:\/\/palopalu.com\/en\/wp-json\/wp\/v2\/product"}],"about":[{"href":"https:\/\/palopalu.com\/en\/wp-json\/wp\/v2\/types\/product"}],"wp:featuredmedia":[{"embeddable":true,"href":"https:\/\/palopalu.com\/en\/wp-json\/wp\/v2\/media\/5875"}],"wp:attachment":[{"href":"https:\/\/palopalu.com\/en\/wp-json\/wp\/v2\/media?parent=5874"}],"wp:term":[{"taxonomy":"product_brand","embeddable":true,"href":"https:\/\/palopalu.com\/en\/wp-json\/wp\/v2\/product_brand?post=5874"},{"taxonomy":"product_cat","embeddable":true,"href":"https:\/\/palopalu.com\/en\/wp-json\/wp\/v2\/product_cat?post=5874"},{"taxonomy":"product_tag","embeddable":true,"href":"https:\/\/palopalu.com\/en\/wp-json\/wp\/v2\/product_tag?post=5874"}],"curies":[{"name":"wp","href":"https:\/\/api.w.org\/{rel}","templated":true}]}}