{"id":5892,"date":"2025-03-18T08:27:32","date_gmt":"2025-03-18T07:27:32","guid":{"rendered":"https:\/\/palopalu.com\/?post_type=product&#038;p=5892"},"modified":"2026-04-11T16:15:53","modified_gmt":"2026-04-11T15:15:53","slug":"sugea-apilable","status":"publish","type":"product","link":"https:\/\/palopalu.com\/en\/product\/sugea-apilable\/","title":{"rendered":"Sugea Stackable"},"content":{"rendered":"<p>Sugea Apilable \u2013 Juego de Equilibrio y Habilidad<\/p>\n<p>\u00a1Diversi\u00f3n y aprendizaje en un solo juego! Sugea Apilable es un juego de equilibrio dise\u00f1ado para estimular la coordinaci\u00f3n, la motricidad fina y la concentraci\u00f3n de los m\u00e1s peque\u00f1os.<\/p>\n<p>Cada set incluye 9 piezas de madera en forma de peque\u00f1os tronquitos, con diferentes \u00e1ngulos y colores, ideales para apilar y crear estructuras \u00fanicas. El desaf\u00edo est\u00e1 en unir los colores y mantener el equilibrio. \u00bfHasta d\u00f3nde podr\u00e1s llegar?<\/p>\n<ul>\n<li>Material: Madera de haya sin barnizar.<\/li>\n<li>Pintura al agua no t\u00f3xica. Conforme a ASTM D-4236.<\/li>\n<li>Edad recomendada: +18 meses<\/li>\n<li>Dimensiones de las piezas:aproximadamente 3 cm x 4 cm<\/li>\n<\/ul>\n<p>Un juego perfecto para el desarrollo infantil a trav\u00e9s de la exploraci\u00f3n y el juego libre; trabaja el equilibrio y la coordinaci\u00f3n as\u00ed como la motricidad fina.<\/p>\n<p>Como todos <a href=\"https:\/\/palopalu.com\/en\/product-category\/juguetes\/\">los juguetes Palopal\u00fa<\/a>, pintados con pinturas al agua no t\u00f3xicas.<\/p>","protected":false},"excerpt":{"rendered":"<p>Sugea Apilable \u2013 Juego de Equilibrio y Habilidad<\/p>\n<p>\u00a1Diversi\u00f3n y aprendizaje en un solo juego! Sugea Apilable es un juego de equilibrio dise\u00f1ado para estimular la coordinaci\u00f3n, la motricidad fina y la concentraci\u00f3n de los m\u00e1s peque\u00f1os.<\/p>\n<p>Cada set incluye 9 piezas de madera en forma de peque\u00f1os tronquitos, con diferentes \u00e1ngulos y colores, ideales para apilar y crear estructuras \u00fanicas. El desaf\u00edo est\u00e1 en unir los colores y mantener el equilibrio. \u00bfHasta d\u00f3nde podr\u00e1s llegar?<\/p>\n<ul>\n<li>Material: Madera de haya sin barnizar.<\/li>\n<li>Pintura al agua no t\u00f3xica. Conforme a ASTM D-4236.<\/li>\n<li>Edad recomendada: +18 meses<\/li>\n<li>Dimensiones de las piezas:aproximadamente 3 cm x 4 cm<\/li>\n<\/ul>\n<p>Un juego perfecto para el desarrollo infantil a trav\u00e9s de la exploraci\u00f3n y el juego libre.<\/p>","protected":false},"featured_media":5894,"template":"","meta":[],"product_brand":[],"product_cat":[120,97,102,105,108,78,111,124,307,80,83,118],"product_tag":[826,789],"class_list":{"0":"post-5892","1":"product","2":"type-product","3":"status-publish","4":"has-post-thumbnail","6":"product_cat-apilables","7":"product_cat-de-1-a-3-anos","8":"product_cat-de-3-a-5-anos","9":"product_cat-de-5-a-8-anos","10":"product_cat-de-8-a-11-anos","11":"product_cat-decoracion","12":"product_cat-hasta-100-anos","13":"product_cat-juegos-de-construccion","14":"product_cat-juegos-didacticos","15":"product_cat-juguetes","16":"product_cat-por-edad","17":"product_cat-rompecabezas","18":"product_tag-apilable","19":"product_tag-juego-de-equilibrio-en","20":"clearfix","22":"first","23":"instock","24":"shipping-taxable","25":"purchasable","26":"product-type-simple"},"yoast_head":"<!-- This site is optimized with the Yoast SEO plugin v27.5 - https:\/\/yoast.com\/product\/yoast-seo-wordpress\/ -->\n<title>Sugea Apilable &#8226; Palopal\u00fa<\/title>\n<meta name=\"description\" content=\"Juego Sugea Apilable con piezas de madera cortadas y decoradas a mano. Trabaja el equilibrio y la coordinaci\u00f3n ojo-mano y pasa un rato s\u00faper divertido\" \/>\n<meta name=\"robots\" content=\"index, follow, max-snippet:-1, max-image-preview:large, max-video-preview:-1\" \/>\n<link rel=\"canonical\" href=\"https:\/\/palopalu.com\/en\/product\/sugea-apilable\/\" \/>\n<meta property=\"og:locale\" content=\"en_GB\" \/>\n<meta property=\"og:type\" content=\"article\" \/>\n<meta property=\"og:title\" content=\"Sugea Apilable &#8226; Palopal\u00fa\" \/>\n<meta property=\"og:description\" content=\"Juego Sugea Apilable con piezas de madera cortadas y decoradas a mano. Trabaja el equilibrio y la coordinaci\u00f3n ojo-mano y pasa un rato s\u00faper divertido\" \/>\n<meta property=\"og:url\" content=\"https:\/\/palopalu.com\/en\/product\/sugea-apilable\/\" \/>\n<meta property=\"og:site_name\" content=\"Palopal\u00fa\" \/>\n<meta property=\"article:publisher\" content=\"https:\/\/www.facebook.com\/palopalupalopalu\" \/>\n<meta property=\"article:modified_time\" content=\"2026-04-11T15:15:53+00:00\" \/>\n<meta property=\"og:image\" content=\"https:\/\/palopalu.com\/wp-content\/uploads\/2025\/03\/sugea_apilable2_palopalu.jpg\" \/>\n\t<meta property=\"og:image:width\" content=\"900\" \/>\n\t<meta property=\"og:image:height\" content=\"1200\" \/>\n\t<meta property=\"og:image:type\" content=\"image\/jpeg\" \/>\n<meta name=\"twitter:card\" content=\"summary_large_image\" \/>\n<meta name=\"twitter:label1\" content=\"Estimated reading time\" \/>\n\t<meta name=\"twitter:data1\" content=\"1 minute\" \/>\n<script type=\"application\/ld+json\" class=\"yoast-schema-graph\">{\"@context\":\"https:\\\/\\\/schema.org\",\"@graph\":[{\"@type\":\"WebPage\",\"@id\":\"https:\\\/\\\/palopalu.com\\\/producto\\\/sugea-apilable\\\/\",\"url\":\"https:\\\/\\\/palopalu.com\\\/producto\\\/sugea-apilable\\\/\",\"name\":\"Sugea Apilable &#8226; Palopal\u00fa\",\"isPartOf\":{\"@id\":\"https:\\\/\\\/palopalu.com\\\/#website\"},\"primaryImageOfPage\":{\"@id\":\"https:\\\/\\\/palopalu.com\\\/producto\\\/sugea-apilable\\\/#primaryimage\"},\"image\":{\"@id\":\"https:\\\/\\\/palopalu.com\\\/producto\\\/sugea-apilable\\\/#primaryimage\"},\"thumbnailUrl\":\"https:\\\/\\\/palopalu.com\\\/wp-content\\\/uploads\\\/2025\\\/03\\\/sugea_apilable2_palopalu.jpg\",\"datePublished\":\"2025-03-18T07:27:32+00:00\",\"dateModified\":\"2026-04-11T15:15:53+00:00\",\"description\":\"Juego Sugea Apilable con piezas de madera cortadas y decoradas a mano. Trabaja el equilibrio y la coordinaci\u00f3n ojo-mano y pasa un rato s\u00faper divertido\",\"breadcrumb\":{\"@id\":\"https:\\\/\\\/palopalu.com\\\/producto\\\/sugea-apilable\\\/#breadcrumb\"},\"inLanguage\":\"en-GB\",\"potentialAction\":[{\"@type\":\"ReadAction\",\"target\":[\"https:\\\/\\\/palopalu.com\\\/producto\\\/sugea-apilable\\\/\"]}]},{\"@type\":\"ImageObject\",\"inLanguage\":\"en-GB\",\"@id\":\"https:\\\/\\\/palopalu.com\\\/producto\\\/sugea-apilable\\\/#primaryimage\",\"url\":\"https:\\\/\\\/palopalu.com\\\/wp-content\\\/uploads\\\/2025\\\/03\\\/sugea_apilable2_palopalu.jpg\",\"contentUrl\":\"https:\\\/\\\/palopalu.com\\\/wp-content\\\/uploads\\\/2025\\\/03\\\/sugea_apilable2_palopalu.jpg\",\"width\":900,\"height\":1200,\"caption\":\"torre apilable sugea equilibrio\"},{\"@type\":\"BreadcrumbList\",\"@id\":\"https:\\\/\\\/palopalu.com\\\/producto\\\/sugea-apilable\\\/#breadcrumb\",\"itemListElement\":[{\"@type\":\"ListItem\",\"position\":1,\"name\":\"Portada\",\"item\":\"https:\\\/\\\/palopalu.com\\\/\"},{\"@type\":\"ListItem\",\"position\":2,\"name\":\"Tienda\",\"item\":\"https:\\\/\\\/palopalu.com\\\/tienda\\\/\"},{\"@type\":\"ListItem\",\"position\":3,\"name\":\"Sugea Apilable\"}]},{\"@type\":\"WebSite\",\"@id\":\"https:\\\/\\\/palopalu.com\\\/#website\",\"url\":\"https:\\\/\\\/palopalu.com\\\/\",\"name\":\"Palopal\u00fa\",\"description\":\"Juguetes, decoraci\u00f3n y objetos personalizados en madera\",\"publisher\":{\"@id\":\"https:\\\/\\\/palopalu.com\\\/#organization\"},\"potentialAction\":[{\"@type\":\"SearchAction\",\"target\":{\"@type\":\"EntryPoint\",\"urlTemplate\":\"https:\\\/\\\/palopalu.com\\\/?s={search_term_string}\"},\"query-input\":{\"@type\":\"PropertyValueSpecification\",\"valueRequired\":true,\"valueName\":\"search_term_string\"}}],\"inLanguage\":\"en-GB\"},{\"@type\":\"Organization\",\"@id\":\"https:\\\/\\\/palopalu.com\\\/#organization\",\"name\":\"Palopal\u00fa\",\"url\":\"https:\\\/\\\/palopalu.com\\\/\",\"logo\":{\"@type\":\"ImageObject\",\"inLanguage\":\"en-GB\",\"@id\":\"https:\\\/\\\/palopalu.com\\\/#\\\/schema\\\/logo\\\/image\\\/\",\"url\":\"https:\\\/\\\/palopalu.com\\\/wp-content\\\/uploads\\\/2019\\\/02\\\/logo-palopalu.png\",\"contentUrl\":\"https:\\\/\\\/palopalu.com\\\/wp-content\\\/uploads\\\/2019\\\/02\\\/logo-palopalu.png\",\"width\":125,\"height\":30,\"caption\":\"Palopal\u00fa\"},\"image\":{\"@id\":\"https:\\\/\\\/palopalu.com\\\/#\\\/schema\\\/logo\\\/image\\\/\"},\"sameAs\":[\"https:\\\/\\\/www.facebook.com\\\/palopalupalopalu\",\"https:\\\/\\\/www.instagram.com\\\/palopalu\"]}]}<\/script>\n<!-- \/ Yoast SEO plugin. -->","yoast_head_json":{"title":"Sugea Apilable &#8226; Palopal\u00fa","description":"Juego Sugea Apilable con piezas de madera cortadas y decoradas a mano. Trabaja el equilibrio y la coordinaci\u00f3n ojo-mano y pasa un rato s\u00faper divertido","robots":{"index":"index","follow":"follow","max-snippet":"max-snippet:-1","max-image-preview":"max-image-preview:large","max-video-preview":"max-video-preview:-1"},"canonical":"https:\/\/palopalu.com\/en\/product\/sugea-apilable\/","og_locale":"en_GB","og_type":"article","og_title":"Sugea Apilable &#8226; Palopal\u00fa","og_description":"Juego Sugea Apilable con piezas de madera cortadas y decoradas a mano. Trabaja el equilibrio y la coordinaci\u00f3n ojo-mano y pasa un rato s\u00faper divertido","og_url":"https:\/\/palopalu.com\/en\/product\/sugea-apilable\/","og_site_name":"Palopal\u00fa","article_publisher":"https:\/\/www.facebook.com\/palopalupalopalu","article_modified_time":"2026-04-11T15:15:53+00:00","og_image":[{"width":900,"height":1200,"url":"https:\/\/palopalu.com\/wp-content\/uploads\/2025\/03\/sugea_apilable2_palopalu.jpg","type":"image\/jpeg"}],"twitter_card":"summary_large_image","twitter_misc":{"Estimated reading time":"1 minute"},"schema":{"@context":"https:\/\/schema.org","@graph":[{"@type":"WebPage","@id":"https:\/\/palopalu.com\/producto\/sugea-apilable\/","url":"https:\/\/palopalu.com\/producto\/sugea-apilable\/","name":"Sugea Apilable &#8226; Palopal\u00fa","isPartOf":{"@id":"https:\/\/palopalu.com\/#website"},"primaryImageOfPage":{"@id":"https:\/\/palopalu.com\/producto\/sugea-apilable\/#primaryimage"},"image":{"@id":"https:\/\/palopalu.com\/producto\/sugea-apilable\/#primaryimage"},"thumbnailUrl":"https:\/\/palopalu.com\/wp-content\/uploads\/2025\/03\/sugea_apilable2_palopalu.jpg","datePublished":"2025-03-18T07:27:32+00:00","dateModified":"2026-04-11T15:15:53+00:00","description":"Juego Sugea Apilable con piezas de madera cortadas y decoradas a mano. Trabaja el equilibrio y la coordinaci\u00f3n ojo-mano y pasa un rato s\u00faper divertido","breadcrumb":{"@id":"https:\/\/palopalu.com\/producto\/sugea-apilable\/#breadcrumb"},"inLanguage":"en-GB","potentialAction":[{"@type":"ReadAction","target":["https:\/\/palopalu.com\/producto\/sugea-apilable\/"]}]},{"@type":"ImageObject","inLanguage":"en-GB","@id":"https:\/\/palopalu.com\/producto\/sugea-apilable\/#primaryimage","url":"https:\/\/palopalu.com\/wp-content\/uploads\/2025\/03\/sugea_apilable2_palopalu.jpg","contentUrl":"https:\/\/palopalu.com\/wp-content\/uploads\/2025\/03\/sugea_apilable2_palopalu.jpg","width":900,"height":1200,"caption":"torre apilable sugea equilibrio"},{"@type":"BreadcrumbList","@id":"https:\/\/palopalu.com\/producto\/sugea-apilable\/#breadcrumb","itemListElement":[{"@type":"ListItem","position":1,"name":"Portada","item":"https:\/\/palopalu.com\/"},{"@type":"ListItem","position":2,"name":"Tienda","item":"https:\/\/palopalu.com\/tienda\/"},{"@type":"ListItem","position":3,"name":"Sugea Apilable"}]},{"@type":"WebSite","@id":"https:\/\/palopalu.com\/#website","url":"https:\/\/palopalu.com\/","name":"Palopal\u00fa","description":"Juguetes, decoraci\u00f3n y objetos personalizados en madera","publisher":{"@id":"https:\/\/palopalu.com\/#organization"},"potentialAction":[{"@type":"SearchAction","target":{"@type":"EntryPoint","urlTemplate":"https:\/\/palopalu.com\/?s={search_term_string}"},"query-input":{"@type":"PropertyValueSpecification","valueRequired":true,"valueName":"search_term_string"}}],"inLanguage":"en-GB"},{"@type":"Organization","@id":"https:\/\/palopalu.com\/#organization","name":"Palopal\u00fa","url":"https:\/\/palopalu.com\/","logo":{"@type":"ImageObject","inLanguage":"en-GB","@id":"https:\/\/palopalu.com\/#\/schema\/logo\/image\/","url":"https:\/\/palopalu.com\/wp-content\/uploads\/2019\/02\/logo-palopalu.png","contentUrl":"https:\/\/palopalu.com\/wp-content\/uploads\/2019\/02\/logo-palopalu.png","width":125,"height":30,"caption":"Palopal\u00fa"},"image":{"@id":"https:\/\/palopalu.com\/#\/schema\/logo\/image\/"},"sameAs":["https:\/\/www.facebook.com\/palopalupalopalu","https:\/\/www.instagram.com\/palopalu"]}]}},"_links":{"self":[{"href":"https:\/\/palopalu.com\/en\/wp-json\/wp\/v2\/product\/5892","targetHints":{"allow":["GET"]}}],"collection":[{"href":"https:\/\/palopalu.com\/en\/wp-json\/wp\/v2\/product"}],"about":[{"href":"https:\/\/palopalu.com\/en\/wp-json\/wp\/v2\/types\/product"}],"wp:featuredmedia":[{"embeddable":true,"href":"https:\/\/palopalu.com\/en\/wp-json\/wp\/v2\/media\/5894"}],"wp:attachment":[{"href":"https:\/\/palopalu.com\/en\/wp-json\/wp\/v2\/media?parent=5892"}],"wp:term":[{"taxonomy":"product_brand","embeddable":true,"href":"https:\/\/palopalu.com\/en\/wp-json\/wp\/v2\/product_brand?post=5892"},{"taxonomy":"product_cat","embeddable":true,"href":"https:\/\/palopalu.com\/en\/wp-json\/wp\/v2\/product_cat?post=5892"},{"taxonomy":"product_tag","embeddable":true,"href":"https:\/\/palopalu.com\/en\/wp-json\/wp\/v2\/product_tag?post=5892"}],"curies":[{"name":"wp","href":"https:\/\/api.w.org\/{rel}","templated":true}]}}