{"id":5909,"date":"2025-04-22T10:10:31","date_gmt":"2025-04-22T09:10:31","guid":{"rendered":"https:\/\/palopalu.com\/?post_type=product&#038;p=5909"},"modified":"2026-04-11T16:15:19","modified_gmt":"2026-04-11T15:15:19","slug":"kit-de-cianotipia","status":"publish","type":"product","link":"https:\/\/palopalu.com\/en\/product\/kit-de-cianotipia\/","title":{"rendered":"Cyanotype Kit"},"content":{"rendered":"<p>Explora el fascinante mundo de la cianotipia, una de las t\u00e9cnicas fotogr\u00e1ficas m\u00e1s antiguas y creativas. Con este kit completo, podr\u00e1s capturar la belleza de la luz y transformarla en impresiones de un azul intenso. Llamadas tambi\u00e9n <a href=\"https:\/\/es.wikipedia.org\/wiki\/Cianotipia\">&#8220;Blueprints&#8221;<\/a><\/p>\n<p>Este Kit de Cianotipia contiene todos los materiales esenciales y una gu\u00eda detallada que te acompa\u00f1ar\u00e1 en cada paso del proceso, desde la preparaci\u00f3n de las soluciones fotosensibles hasta la exposici\u00f3n y revelado de tus im\u00e1genes. Experimenta con fotograf\u00edas, dibujos y elementos naturales para crear composiciones \u00fanicas.<\/p>\n<p>Incluye soluciones listas para mezclar, fotolitos de pr\u00e1ctica, un rotulador para dise\u00f1ar tus propias im\u00e1genes y material bot\u00e1nico para explorar nuevas texturas y formas. Todo lo que necesitas para empezar a explorar la cianotipia est\u00e1 aqu\u00ed. \u00a1D\u00e9jate sorprender por la alquimia de la luz y el color azul!<\/p>\n<p>Contiene:<\/p>\n<ul>\n<li>Soluci\u00f3n A: Citrato de Amonio F\u00e9rrico<\/li>\n<li>Solucion B: Ferricianuro de Potasio<\/li>\n<li>Brocha<\/li>\n<li>Sandwich insolado: Base + cristal + gomas<\/li>\n<li>Pinza<\/li>\n<li>2 Jeringuillas<\/li>\n<li>Papel de acuarela 300 gr<\/li>\n<li>Negativos con im\u00e1genes y fotograf\u00edas<\/li>\n<li>Rotulador permanente negro<\/li>\n<li>L\u00e1minas de Acetato<\/li>\n<li>Flores o hojas prensadas<\/li>\n<li>Instrucciones paso a paso<\/li>\n<\/ul>\n<p>Es una actividad creativa y educativa perfecta tambi\u00e9n para ni\u00f1as y ni\u00f1os que combina arte y ciencia. Recomendada a partir de 8 a\u00f1os.<\/p>\n<p>Este Kit de Cianotipia es ideal para utilizarlo junto a nuestra <a href=\"https:\/\/palopalu.com\/en\/product\/prensa-de-flores-de-madera-artesanal\/\">Prensa de Flores<\/a>.<\/p>","protected":false},"excerpt":{"rendered":"<p>Explora el fascinante mundo de la cianotipia, una de las t\u00e9cnicas fotogr\u00e1ficas m\u00e1s antiguas y creativas. Con este kit completo, podr\u00e1s capturar la belleza de la luz y transformarla en impresiones de un azul profundo y vibrante.<\/p>\n<p>Este Kit de Cianotipia contiene todos los materiales esenciales y una gu\u00eda detallada que te acompa\u00f1ar\u00e1 en cada paso del proceso, desde la preparaci\u00f3n de las soluciones fotosensibles hasta la exposici\u00f3n y revelado de tus im\u00e1genes. Experimenta con fotograf\u00edas, dibujos y elementos naturales para crear composiciones \u00fanicas.<\/p>\n<p>Incluye soluciones listas para mezclar, fotolitos de pr\u00e1ctica, un rotulador para dise\u00f1ar tus propias im\u00e1genes y material bot\u00e1nico para explorar nuevas texturas y formas. Todo lo que necesitas para empezar a explorar la cianotipia est\u00e1 aqu\u00ed. \u00a1D\u00e9jate sorprender por la alquimia de la luz y el color azul!<\/p>\n<p>Contiene:<\/p>\n<ul>\n<li>Soluci\u00f3n A: Citrato de Amonio F\u00e9rrico<\/li>\n<li>Solucion B: Ferricianuro de Potasio<\/li>\n<li>Brocha<\/li>\n<li>Sandwich insolado: Base + cristal + gomas<\/li>\n<li>Pinza<\/li>\n<li>2 Jeringuillas<\/li>\n<li>Papel de acuarela 300 gr<\/li>\n<li>Negativos con im\u00e1genes y fotograf\u00edas<\/li>\n<li>Rotulador permanente negro<\/li>\n<li>L\u00e1minas de Acetato<\/li>\n<li>Flores o hojas prensadas<\/li>\n<li>Instrucciones paso a paso<\/li>\n<\/ul>\n<p>Es una actividad creativa y educativa perfecta tambi\u00e9n para los m\u00e1s peque\u00f1os que combina arte y ciencia. Recomendada a partir de 8 a\u00f1os.<\/p>","protected":false},"featured_media":5918,"template":"","meta":[],"product_brand":[],"product_cat":[309,108,78,101,307,80],"product_tag":[828,830],"class_list":{"0":"post-5909","1":"product","2":"type-product","3":"status-publish","4":"has-post-thumbnail","6":"product_cat-crafts","7":"product_cat-de-8-a-11-anos","8":"product_cat-decoracion","9":"product_cat-ilustracion","10":"product_cat-juegos-didacticos","11":"product_cat-juguetes","12":"product_tag-cianotipia","13":"product_tag-kits","14":"clearfix","16":"first","17":"instock","18":"shipping-taxable","19":"purchasable","20":"product-type-simple"},"yoast_head":"<!-- This site is optimized with the Yoast SEO plugin v27.5 - https:\/\/yoast.com\/product\/yoast-seo-wordpress\/ -->\n<title>Kit de Cianotipia &#8226; Palopal\u00fa<\/title>\n<meta name=\"description\" content=\"Una de las t\u00e9cnicas fotogr\u00e1ficas m\u00e1s antiguas y creativas. Podr\u00e1s capturar la belleza de la luz y transformarla en impresiones de un azul intenso.\" \/>\n<meta name=\"robots\" content=\"index, follow, max-snippet:-1, max-image-preview:large, max-video-preview:-1\" \/>\n<link rel=\"canonical\" href=\"https:\/\/palopalu.com\/en\/product\/kit-de-cianotipia\/\" \/>\n<meta property=\"og:locale\" content=\"en_GB\" \/>\n<meta property=\"og:type\" content=\"article\" \/>\n<meta property=\"og:title\" content=\"Kit de Cianotipia &#8226; Palopal\u00fa\" \/>\n<meta property=\"og:description\" content=\"Una de las t\u00e9cnicas fotogr\u00e1ficas m\u00e1s antiguas y creativas. Podr\u00e1s capturar la belleza de la luz y transformarla en impresiones de un azul intenso.\" \/>\n<meta property=\"og:url\" content=\"https:\/\/palopalu.com\/en\/product\/kit-de-cianotipia\/\" \/>\n<meta property=\"og:site_name\" content=\"Palopal\u00fa\" \/>\n<meta property=\"article:publisher\" content=\"https:\/\/www.facebook.com\/palopalupalopalu\" \/>\n<meta property=\"article:modified_time\" content=\"2026-04-11T15:15:19+00:00\" \/>\n<meta property=\"og:image\" content=\"https:\/\/palopalu.com\/wp-content\/uploads\/2025\/04\/kitcianotipiac_palopalu.jpg\" \/>\n\t<meta property=\"og:image:width\" content=\"2048\" \/>\n\t<meta property=\"og:image:height\" content=\"2048\" \/>\n\t<meta property=\"og:image:type\" content=\"image\/jpeg\" \/>\n<meta name=\"twitter:card\" content=\"summary_large_image\" \/>\n<meta name=\"twitter:label1\" content=\"Estimated reading time\" \/>\n\t<meta name=\"twitter:data1\" content=\"2 minutes\" \/>\n<script type=\"application\/ld+json\" class=\"yoast-schema-graph\">{\"@context\":\"https:\\\/\\\/schema.org\",\"@graph\":[{\"@type\":\"WebPage\",\"@id\":\"https:\\\/\\\/palopalu.com\\\/producto\\\/kit-de-cianotipia\\\/\",\"url\":\"https:\\\/\\\/palopalu.com\\\/producto\\\/kit-de-cianotipia\\\/\",\"name\":\"Kit de Cianotipia &#8226; Palopal\u00fa\",\"isPartOf\":{\"@id\":\"https:\\\/\\\/palopalu.com\\\/#website\"},\"primaryImageOfPage\":{\"@id\":\"https:\\\/\\\/palopalu.com\\\/producto\\\/kit-de-cianotipia\\\/#primaryimage\"},\"image\":{\"@id\":\"https:\\\/\\\/palopalu.com\\\/producto\\\/kit-de-cianotipia\\\/#primaryimage\"},\"thumbnailUrl\":\"https:\\\/\\\/palopalu.com\\\/wp-content\\\/uploads\\\/2025\\\/04\\\/kitcianotipiac_palopalu.jpg\",\"datePublished\":\"2025-04-22T09:10:31+00:00\",\"dateModified\":\"2026-04-11T15:15:19+00:00\",\"description\":\"Una de las t\u00e9cnicas fotogr\u00e1ficas m\u00e1s antiguas y creativas. Podr\u00e1s capturar la belleza de la luz y transformarla en impresiones de un azul intenso.\",\"breadcrumb\":{\"@id\":\"https:\\\/\\\/palopalu.com\\\/producto\\\/kit-de-cianotipia\\\/#breadcrumb\"},\"inLanguage\":\"en-GB\",\"potentialAction\":[{\"@type\":\"ReadAction\",\"target\":[\"https:\\\/\\\/palopalu.com\\\/producto\\\/kit-de-cianotipia\\\/\"]}]},{\"@type\":\"ImageObject\",\"inLanguage\":\"en-GB\",\"@id\":\"https:\\\/\\\/palopalu.com\\\/producto\\\/kit-de-cianotipia\\\/#primaryimage\",\"url\":\"https:\\\/\\\/palopalu.com\\\/wp-content\\\/uploads\\\/2025\\\/04\\\/kitcianotipiac_palopalu.jpg\",\"contentUrl\":\"https:\\\/\\\/palopalu.com\\\/wp-content\\\/uploads\\\/2025\\\/04\\\/kitcianotipiac_palopalu.jpg\",\"width\":2048,\"height\":2048,\"caption\":\"kit de cianotipia\"},{\"@type\":\"BreadcrumbList\",\"@id\":\"https:\\\/\\\/palopalu.com\\\/producto\\\/kit-de-cianotipia\\\/#breadcrumb\",\"itemListElement\":[{\"@type\":\"ListItem\",\"position\":1,\"name\":\"Portada\",\"item\":\"https:\\\/\\\/palopalu.com\\\/\"},{\"@type\":\"ListItem\",\"position\":2,\"name\":\"Tienda\",\"item\":\"https:\\\/\\\/palopalu.com\\\/tienda\\\/\"},{\"@type\":\"ListItem\",\"position\":3,\"name\":\"Kit de Cianotipia\"}]},{\"@type\":\"WebSite\",\"@id\":\"https:\\\/\\\/palopalu.com\\\/#website\",\"url\":\"https:\\\/\\\/palopalu.com\\\/\",\"name\":\"Palopal\u00fa\",\"description\":\"Juguetes, decoraci\u00f3n y objetos personalizados en madera\",\"publisher\":{\"@id\":\"https:\\\/\\\/palopalu.com\\\/#organization\"},\"potentialAction\":[{\"@type\":\"SearchAction\",\"target\":{\"@type\":\"EntryPoint\",\"urlTemplate\":\"https:\\\/\\\/palopalu.com\\\/?s={search_term_string}\"},\"query-input\":{\"@type\":\"PropertyValueSpecification\",\"valueRequired\":true,\"valueName\":\"search_term_string\"}}],\"inLanguage\":\"en-GB\"},{\"@type\":\"Organization\",\"@id\":\"https:\\\/\\\/palopalu.com\\\/#organization\",\"name\":\"Palopal\u00fa\",\"url\":\"https:\\\/\\\/palopalu.com\\\/\",\"logo\":{\"@type\":\"ImageObject\",\"inLanguage\":\"en-GB\",\"@id\":\"https:\\\/\\\/palopalu.com\\\/#\\\/schema\\\/logo\\\/image\\\/\",\"url\":\"https:\\\/\\\/palopalu.com\\\/wp-content\\\/uploads\\\/2019\\\/02\\\/logo-palopalu.png\",\"contentUrl\":\"https:\\\/\\\/palopalu.com\\\/wp-content\\\/uploads\\\/2019\\\/02\\\/logo-palopalu.png\",\"width\":125,\"height\":30,\"caption\":\"Palopal\u00fa\"},\"image\":{\"@id\":\"https:\\\/\\\/palopalu.com\\\/#\\\/schema\\\/logo\\\/image\\\/\"},\"sameAs\":[\"https:\\\/\\\/www.facebook.com\\\/palopalupalopalu\",\"https:\\\/\\\/www.instagram.com\\\/palopalu\"]}]}<\/script>\n<!-- \/ Yoast SEO plugin. -->","yoast_head_json":{"title":"Kit de Cianotipia &#8226; Palopal\u00fa","description":"Una de las t\u00e9cnicas fotogr\u00e1ficas m\u00e1s antiguas y creativas. Podr\u00e1s capturar la belleza de la luz y transformarla en impresiones de un azul intenso.","robots":{"index":"index","follow":"follow","max-snippet":"max-snippet:-1","max-image-preview":"max-image-preview:large","max-video-preview":"max-video-preview:-1"},"canonical":"https:\/\/palopalu.com\/en\/product\/kit-de-cianotipia\/","og_locale":"en_GB","og_type":"article","og_title":"Kit de Cianotipia &#8226; Palopal\u00fa","og_description":"Una de las t\u00e9cnicas fotogr\u00e1ficas m\u00e1s antiguas y creativas. Podr\u00e1s capturar la belleza de la luz y transformarla en impresiones de un azul intenso.","og_url":"https:\/\/palopalu.com\/en\/product\/kit-de-cianotipia\/","og_site_name":"Palopal\u00fa","article_publisher":"https:\/\/www.facebook.com\/palopalupalopalu","article_modified_time":"2026-04-11T15:15:19+00:00","og_image":[{"width":2048,"height":2048,"url":"https:\/\/palopalu.com\/wp-content\/uploads\/2025\/04\/kitcianotipiac_palopalu.jpg","type":"image\/jpeg"}],"twitter_card":"summary_large_image","twitter_misc":{"Estimated reading time":"2 minutes"},"schema":{"@context":"https:\/\/schema.org","@graph":[{"@type":"WebPage","@id":"https:\/\/palopalu.com\/producto\/kit-de-cianotipia\/","url":"https:\/\/palopalu.com\/producto\/kit-de-cianotipia\/","name":"Kit de Cianotipia &#8226; Palopal\u00fa","isPartOf":{"@id":"https:\/\/palopalu.com\/#website"},"primaryImageOfPage":{"@id":"https:\/\/palopalu.com\/producto\/kit-de-cianotipia\/#primaryimage"},"image":{"@id":"https:\/\/palopalu.com\/producto\/kit-de-cianotipia\/#primaryimage"},"thumbnailUrl":"https:\/\/palopalu.com\/wp-content\/uploads\/2025\/04\/kitcianotipiac_palopalu.jpg","datePublished":"2025-04-22T09:10:31+00:00","dateModified":"2026-04-11T15:15:19+00:00","description":"Una de las t\u00e9cnicas fotogr\u00e1ficas m\u00e1s antiguas y creativas. Podr\u00e1s capturar la belleza de la luz y transformarla en impresiones de un azul intenso.","breadcrumb":{"@id":"https:\/\/palopalu.com\/producto\/kit-de-cianotipia\/#breadcrumb"},"inLanguage":"en-GB","potentialAction":[{"@type":"ReadAction","target":["https:\/\/palopalu.com\/producto\/kit-de-cianotipia\/"]}]},{"@type":"ImageObject","inLanguage":"en-GB","@id":"https:\/\/palopalu.com\/producto\/kit-de-cianotipia\/#primaryimage","url":"https:\/\/palopalu.com\/wp-content\/uploads\/2025\/04\/kitcianotipiac_palopalu.jpg","contentUrl":"https:\/\/palopalu.com\/wp-content\/uploads\/2025\/04\/kitcianotipiac_palopalu.jpg","width":2048,"height":2048,"caption":"kit de cianotipia"},{"@type":"BreadcrumbList","@id":"https:\/\/palopalu.com\/producto\/kit-de-cianotipia\/#breadcrumb","itemListElement":[{"@type":"ListItem","position":1,"name":"Portada","item":"https:\/\/palopalu.com\/"},{"@type":"ListItem","position":2,"name":"Tienda","item":"https:\/\/palopalu.com\/tienda\/"},{"@type":"ListItem","position":3,"name":"Kit de Cianotipia"}]},{"@type":"WebSite","@id":"https:\/\/palopalu.com\/#website","url":"https:\/\/palopalu.com\/","name":"Palopal\u00fa","description":"Juguetes, decoraci\u00f3n y objetos personalizados en madera","publisher":{"@id":"https:\/\/palopalu.com\/#organization"},"potentialAction":[{"@type":"SearchAction","target":{"@type":"EntryPoint","urlTemplate":"https:\/\/palopalu.com\/?s={search_term_string}"},"query-input":{"@type":"PropertyValueSpecification","valueRequired":true,"valueName":"search_term_string"}}],"inLanguage":"en-GB"},{"@type":"Organization","@id":"https:\/\/palopalu.com\/#organization","name":"Palopal\u00fa","url":"https:\/\/palopalu.com\/","logo":{"@type":"ImageObject","inLanguage":"en-GB","@id":"https:\/\/palopalu.com\/#\/schema\/logo\/image\/","url":"https:\/\/palopalu.com\/wp-content\/uploads\/2019\/02\/logo-palopalu.png","contentUrl":"https:\/\/palopalu.com\/wp-content\/uploads\/2019\/02\/logo-palopalu.png","width":125,"height":30,"caption":"Palopal\u00fa"},"image":{"@id":"https:\/\/palopalu.com\/#\/schema\/logo\/image\/"},"sameAs":["https:\/\/www.facebook.com\/palopalupalopalu","https:\/\/www.instagram.com\/palopalu"]}]}},"_links":{"self":[{"href":"https:\/\/palopalu.com\/en\/wp-json\/wp\/v2\/product\/5909","targetHints":{"allow":["GET"]}}],"collection":[{"href":"https:\/\/palopalu.com\/en\/wp-json\/wp\/v2\/product"}],"about":[{"href":"https:\/\/palopalu.com\/en\/wp-json\/wp\/v2\/types\/product"}],"wp:featuredmedia":[{"embeddable":true,"href":"https:\/\/palopalu.com\/en\/wp-json\/wp\/v2\/media\/5918"}],"wp:attachment":[{"href":"https:\/\/palopalu.com\/en\/wp-json\/wp\/v2\/media?parent=5909"}],"wp:term":[{"taxonomy":"product_brand","embeddable":true,"href":"https:\/\/palopalu.com\/en\/wp-json\/wp\/v2\/product_brand?post=5909"},{"taxonomy":"product_cat","embeddable":true,"href":"https:\/\/palopalu.com\/en\/wp-json\/wp\/v2\/product_cat?post=5909"},{"taxonomy":"product_tag","embeddable":true,"href":"https:\/\/palopalu.com\/en\/wp-json\/wp\/v2\/product_tag?post=5909"}],"curies":[{"name":"wp","href":"https:\/\/api.w.org\/{rel}","templated":true}]}}